{"id":89,"date":"2019-01-06T15:08:52","date_gmt":"2019-01-06T14:08:52","guid":{"rendered":"http:\/\/mars-chiens07.com\/?page_id=89"},"modified":"2022-10-01T11:35:09","modified_gmt":"2022-10-01T09:35:09","slug":"inscriptions","status":"publish","type":"page","link":"http:\/\/mars-chiens07.com\/?page_id=89","title":{"rendered":"Inscriptions"},"content":{"rendered":"\n<p>Les cours d&rsquo;\u00e9ducation canine sont dispens\u00e9s de septembre \u00e0 septembre, les samedis apr\u00e8s-midi de 14h \u00e0 15h ou de 15h \u00e0 16h.  Mais vous pouvez vous inscrire en cours d&rsquo;ann\u00e9e, votre cotisation sera calcul\u00e9e au pro rata des jours restants. Deux s\u00e9ances d&rsquo;essai vous sont offertes.  Vous trouverez ci-dessous la fiche d&rsquo;inscription avec les tarifs en cours et le r\u00e8glement int\u00e9rieur. Il est pr\u00e9f\u00e9rable de prendre contact par mail ou par t\u00e9l\u00e9phone avec le club avant de vous inscrire, ne serait-ce que pour vous assurer qu&rsquo;il y a de la place.<\/p>\n\n\n\n<div class=\"wp-block-file\"><a href=\"http:\/\/mars-chiens07.com\/wp-content\/uploads\/2021\/04\/fiche-dadhesion-2020-2021.pdf\">fiche d&rsquo;adh\u00e9sion 2022 \/ 2023<\/a><a href=\"http:\/\/mars-chiens07.com\/wp-content\/uploads\/2021\/04\/fiche-dadhesion-2020-2021.pdf\" class=\"wp-block-file__button\" download>T\u00e9l\u00e9charger<\/a><\/div>\n\n\n\n<div class=\"wp-block-file\"><a href=\"http:\/\/mars-chiens07.com\/wp-content\/uploads\/2019\/01\/R\u00e9glement-int\u00e9rieur-2018.pdf\" target=\"_blank\" rel=\"noreferrer noopener\">R\u00e8glement int\u00e9rieur              <\/a><a href=\"http:\/\/mars-chiens07.com\/wp-content\/uploads\/2019\/01\/R\u00e9glement-int\u00e9rieur-2018.pdf\" class=\"wp-block-file__button\" download>T\u00e9l\u00e9charger<\/a><\/div>\n\n\n\n<p><\/p>\n","protected":false},"excerpt":{"rendered":"<p>Les cours d&rsquo;\u00e9ducation canine sont dispens\u00e9s de septembre \u00e0 septembre, les samedis apr\u00e8s-midi de 14h \u00e0 15h ou de 15h \u00e0 16h. Mais vous pouvez vous inscrire en cours d&rsquo;ann\u00e9e, votre cotisation sera calcul\u00e9e au pro rata des jours restants.<\/p>\n","protected":false},"author":1,"featured_media":0,"parent":0,"menu_order":0,"comment_status":"closed","ping_status":"closed","template":"","meta":[],"_links":{"self":[{"href":"http:\/\/mars-chiens07.com\/index.php?rest_route=\/wp\/v2\/pages\/89"}],"collection":[{"href":"http:\/\/mars-chiens07.com\/index.php?rest_route=\/wp\/v2\/pages"}],"about":[{"href":"http:\/\/mars-chiens07.com\/index.php?rest_route=\/wp\/v2\/types\/page"}],"author":[{"embeddable":true,"href":"http:\/\/mars-chiens07.com\/index.php?rest_route=\/wp\/v2\/users\/1"}],"replies":[{"embeddable":true,"href":"http:\/\/mars-chiens07.com\/index.php?rest_route=%2Fwp%2Fv2%2Fcomments&post=89"}],"version-history":[{"count":9,"href":"http:\/\/mars-chiens07.com\/index.php?rest_route=\/wp\/v2\/pages\/89\/revisions"}],"predecessor-version":[{"id":173,"href":"http:\/\/mars-chiens07.com\/index.php?rest_route=\/wp\/v2\/pages\/89\/revisions\/173"}],"wp:attachment":[{"href":"http:\/\/mars-chiens07.com\/index.php?rest_route=%2Fwp%2Fv2%2Fmedia&parent=89"}],"curies":[{"name":"wp","href":"https:\/\/api.w.org\/{rel}","templated":true}]}}