{"id":76,"date":"2018-02-08T23:52:51","date_gmt":"2018-02-08T22:52:51","guid":{"rendered":"http:\/\/mars-chiens07.com\/?page_id=76"},"modified":"2019-01-06T19:20:55","modified_gmt":"2019-01-06T18:20:55","slug":"lagility-dog","status":"publish","type":"page","link":"http:\/\/mars-chiens07.com\/?page_id=76","title":{"rendered":"L&rsquo;Agility Dog"},"content":{"rendered":"<p>Depuis quelques ann\u00e9es, l&rsquo;association dispose d&rsquo;un terrain pr\u00eat\u00e9 par la commune de Mars et qui fait l&rsquo;objet d&rsquo;am\u00e9nagement. Ce terrain a \u00e9t\u00e9 cl\u00f4tur\u00e9 en 2018 et des obstacles d&rsquo;agility install\u00e9s. L&rsquo;am\u00e9nagement doit se poursuivre au printemps 2019 avec d&rsquo;autres obstacles pour b\u00e9n\u00e9ficier \u00e0 terme d&rsquo;un parcours complet. <\/p>\n\n\n<p><\/p>\n","protected":false},"excerpt":{"rendered":"<p>Depuis quelques ann\u00e9es, l&rsquo;association dispose d&rsquo;un terrain pr\u00eat\u00e9 par la commune de Mars et qui fait l&rsquo;objet d&rsquo;am\u00e9nagement. Ce terrain a \u00e9t\u00e9 cl\u00f4tur\u00e9 en 2018 et des obstacles d&rsquo;agility install\u00e9s. L&rsquo;am\u00e9nagement doit se poursuivre au printemps 2019 avec d&rsquo;autres obstacles<\/p>\n","protected":false},"author":1,"featured_media":0,"parent":0,"menu_order":0,"comment_status":"closed","ping_status":"closed","template":"","meta":[],"_links":{"self":[{"href":"http:\/\/mars-chiens07.com\/index.php?rest_route=\/wp\/v2\/pages\/76"}],"collection":[{"href":"http:\/\/mars-chiens07.com\/index.php?rest_route=\/wp\/v2\/pages"}],"about":[{"href":"http:\/\/mars-chiens07.com\/index.php?rest_route=\/wp\/v2\/types\/page"}],"author":[{"embeddable":true,"href":"http:\/\/mars-chiens07.com\/index.php?rest_route=\/wp\/v2\/users\/1"}],"replies":[{"embeddable":true,"href":"http:\/\/mars-chiens07.com\/index.php?rest_route=%2Fwp%2Fv2%2Fcomments&post=76"}],"version-history":[{"count":3,"href":"http:\/\/mars-chiens07.com\/index.php?rest_route=\/wp\/v2\/pages\/76\/revisions"}],"predecessor-version":[{"id":109,"href":"http:\/\/mars-chiens07.com\/index.php?rest_route=\/wp\/v2\/pages\/76\/revisions\/109"}],"wp:attachment":[{"href":"http:\/\/mars-chiens07.com\/index.php?rest_route=%2Fwp%2Fv2%2Fmedia&parent=76"}],"curies":[{"name":"wp","href":"https:\/\/api.w.org\/{rel}","templated":true}]}}