{"id":71,"date":"2018-02-08T23:43:14","date_gmt":"2018-02-08T22:43:14","guid":{"rendered":"http:\/\/mars-chiens07.com\/?page_id=71"},"modified":"2020-12-01T16:47:01","modified_gmt":"2020-12-01T15:47:01","slug":"lequipe-cynophile","status":"publish","type":"page","link":"http:\/\/mars-chiens07.com\/?page_id=71","title":{"rendered":"L&rsquo;\u00e9quipe cynophile"},"content":{"rendered":"<p>New : Pour \u00eatre clairement identifi\u00e9e par les diff\u00e9rents intervenants lors d&rsquo;une recherche (gendarmerie, pompiers, famille de la victime), l&rsquo;\u00e9quipe cynophile dispose d&rsquo;un uniforme (polo, sweet-shirt, pantalon et veste d&rsquo;hiver). Une nouvelle veste demi-saison vient d&rsquo;\u00eatre fournie aux ma\u00eetres-chiens qui vient compl\u00e9ter l&rsquo;\u00e9quipement. Ce nouvel investissement \u00e0 \u00e9t\u00e9 rendu possible gr\u00e2ce \u00e0 une aide accord\u00e9e par la r\u00e9gion Auvergne Rh\u00f4ne-Alpes.<\/p>\n<p>\u00a0<\/p>\n\n\n<figure class=\"wp-block-image size-large\"><img loading=\"lazy\" width=\"300\" height=\"150\" src=\"http:\/\/mars-chiens07.com\/wp-content\/uploads\/2020\/12\/logoregion-e1606837520567.jpg\" alt=\"\" class=\"wp-image-156\"\/><\/figure>\n\n\n\n<p><\/p>\n","protected":false},"excerpt":{"rendered":"<p>New : Pour \u00eatre clairement identifi\u00e9e par les diff\u00e9rents intervenants lors d&rsquo;une recherche (gendarmerie, pompiers, famille de la victime), l&rsquo;\u00e9quipe cynophile dispose d&rsquo;un uniforme (polo, sweet-shirt, pantalon et veste d&rsquo;hiver). Une nouvelle veste demi-saison vient d&rsquo;\u00eatre fournie aux ma\u00eetres-chiens qui<\/p>\n","protected":false},"author":1,"featured_media":0,"parent":69,"menu_order":0,"comment_status":"closed","ping_status":"closed","template":"","meta":[],"_links":{"self":[{"href":"http:\/\/mars-chiens07.com\/index.php?rest_route=\/wp\/v2\/pages\/71"}],"collection":[{"href":"http:\/\/mars-chiens07.com\/index.php?rest_route=\/wp\/v2\/pages"}],"about":[{"href":"http:\/\/mars-chiens07.com\/index.php?rest_route=\/wp\/v2\/types\/page"}],"author":[{"embeddable":true,"href":"http:\/\/mars-chiens07.com\/index.php?rest_route=\/wp\/v2\/users\/1"}],"replies":[{"embeddable":true,"href":"http:\/\/mars-chiens07.com\/index.php?rest_route=%2Fwp%2Fv2%2Fcomments&post=71"}],"version-history":[{"count":4,"href":"http:\/\/mars-chiens07.com\/index.php?rest_route=\/wp\/v2\/pages\/71\/revisions"}],"predecessor-version":[{"id":160,"href":"http:\/\/mars-chiens07.com\/index.php?rest_route=\/wp\/v2\/pages\/71\/revisions\/160"}],"up":[{"embeddable":true,"href":"http:\/\/mars-chiens07.com\/index.php?rest_route=\/wp\/v2\/pages\/69"}],"wp:attachment":[{"href":"http:\/\/mars-chiens07.com\/index.php?rest_route=%2Fwp%2Fv2%2Fmedia&parent=71"}],"curies":[{"name":"wp","href":"https:\/\/api.w.org\/{rel}","templated":true}]}}